{"id":874,"date":"2020-07-15T16:58:19","date_gmt":"2020-07-15T14:58:19","guid":{"rendered":"http:\/\/fwltvvj.cluster028.hosting.ovh.net\/?page_id=874"},"modified":"2021-12-06T11:50:41","modified_gmt":"2021-12-06T10:50:41","slug":"informations-pratiques","status":"publish","type":"page","link":"https:\/\/preview.makutano.events\/en\/informations-pratiques\/","title":{"rendered":"Useful information"},"content":{"rendered":"\t\t<div data-elementor-type=\"wp-page\" data-elementor-id=\"874\" class=\"elementor elementor-874\" data-elementor-post-type=\"page\">\n\t\t\t\t\t\t<section class=\"elementor-section elementor-top-section elementor-element elementor-element-da3ec0b elementor-section-boxed elementor-section-height-default elementor-section-height-default elementor-invisible\" data-id=\"da3ec0b\" data-element_type=\"section\" data-e-type=\"section\" data-settings=\"{&quot;background_background&quot;:&quot;classic&quot;,&quot;animation&quot;:&quot;fadeIn&quot;,&quot;background_motion_fx_motion_fx_scrolling&quot;:&quot;yes&quot;,&quot;background_motion_fx_translateX_effect&quot;:&quot;yes&quot;,&quot;background_motion_fx_translateX_speed&quot;:{&quot;unit&quot;:&quot;px&quot;,&quot;size&quot;:7,&quot;sizes&quot;:[]},&quot;background_motion_fx_translateX_affectedRange&quot;:{&quot;unit&quot;:&quot;%&quot;,&quot;size&quot;:&quot;&quot;,&quot;sizes&quot;:{&quot;start&quot;:0,&quot;end&quot;:100}},&quot;background_motion_fx_devices&quot;:[&quot;desktop&quot;,&quot;tablet&quot;,&quot;mobile&quot;]}\">\n\t\t\t\t\t\t<div class=\"elementor-container elementor-column-gap-default\">\n\t\t\t\t\t<div class=\"elementor-column elementor-col-50 elementor-top-column elementor-element elementor-element-31ebff73\" data-id=\"31ebff73\" data-element_type=\"column\" data-e-type=\"column\" data-settings=\"{&quot;background_background&quot;:&quot;classic&quot;}\">\n\t\t\t<div class=\"elementor-widget-wrap elementor-element-populated\">\n\t\t\t\t\t\t<div class=\"elementor-element elementor-element-55fbae5 elementor-invisible elementor-widget elementor-widget-heading\" data-id=\"55fbae5\" data-element_type=\"widget\" data-e-type=\"widget\" data-settings=\"{&quot;_animation&quot;:&quot;fadeInRight&quot;,&quot;_animation_tablet&quot;:&quot;fadeIn&quot;,&quot;_animation_delay&quot;:100}\" data-widget_type=\"heading.default\">\n\t\t\t\t<div class=\"elementor-widget-container\">\n\t\t\t\t\t<h3 class=\"elementor-heading-title elementor-size-default\">Makutano<\/h3>\t\t\t\t<\/div>\n\t\t\t\t<\/div>\n\t\t\t\t<div class=\"elementor-element elementor-element-62f975d3 elementor-invisible elementor-widget elementor-widget-heading\" data-id=\"62f975d3\" data-element_type=\"widget\" data-e-type=\"widget\" data-settings=\"{&quot;_animation&quot;:&quot;fadeInLeft&quot;}\" data-widget_type=\"heading.default\">\n\t\t\t\t<div class=\"elementor-widget-container\">\n\t\t\t\t\t<h1 class=\"elementor-heading-title elementor-size-default\">Informations pratiques<\/h1>\t\t\t\t<\/div>\n\t\t\t\t<\/div>\n\t\t\t\t\t<\/div>\n\t\t<\/div>\n\t\t\t\t<div class=\"elementor-column elementor-col-50 elementor-top-column elementor-element elementor-element-d65b6c7\" data-id=\"d65b6c7\" data-element_type=\"column\" data-e-type=\"column\">\n\t\t\t<div class=\"elementor-widget-wrap\">\n\t\t\t\t\t\t\t<\/div>\n\t\t<\/div>\n\t\t\t\t\t<\/div>\n\t\t<\/section>\n\t\t\t\t<section class=\"elementor-section elementor-top-section elementor-element elementor-element-5281ad4d elementor-section-content-top elementor-section-boxed elementor-section-height-default elementor-section-height-default\" data-id=\"5281ad4d\" data-element_type=\"section\" data-e-type=\"section\" data-settings=\"{&quot;background_background&quot;:&quot;classic&quot;}\">\n\t\t\t\t\t\t<div class=\"elementor-container elementor-column-gap-default\">\n\t\t\t\t\t<div class=\"elementor-column elementor-col-100 elementor-top-column elementor-element elementor-element-19ea38e7\" data-id=\"19ea38e7\" data-element_type=\"column\" data-e-type=\"column\" data-settings=\"{&quot;animation&quot;:&quot;none&quot;}\">\n\t\t\t<div class=\"elementor-widget-wrap elementor-element-populated\">\n\t\t\t\t\t\t<div class=\"elementor-element elementor-element-a9e1de3 elementor-align-center elementor-widget elementor-widget-lottie\" data-id=\"a9e1de3\" data-element_type=\"widget\" data-e-type=\"widget\" data-settings=\"{&quot;source_json&quot;:{&quot;url&quot;:&quot;https:\\\/\\\/makutano.cd\\\/wp-content\\\/uploads\\\/2020\\\/07\\\/lf30_editor_wlINcd.json&quot;,&quot;id&quot;:871,&quot;size&quot;:&quot;&quot;},&quot;play_speed&quot;:{&quot;unit&quot;:&quot;px&quot;,&quot;size&quot;:0.5,&quot;sizes&quot;:[]},&quot;source&quot;:&quot;media_file&quot;,&quot;caption_source&quot;:&quot;none&quot;,&quot;link_to&quot;:&quot;none&quot;,&quot;trigger&quot;:&quot;arriving_to_viewport&quot;,&quot;viewport&quot;:{&quot;unit&quot;:&quot;%&quot;,&quot;size&quot;:&quot;&quot;,&quot;sizes&quot;:{&quot;start&quot;:0,&quot;end&quot;:100}},&quot;start_point&quot;:{&quot;unit&quot;:&quot;%&quot;,&quot;size&quot;:0,&quot;sizes&quot;:[]},&quot;end_point&quot;:{&quot;unit&quot;:&quot;%&quot;,&quot;size&quot;:100,&quot;sizes&quot;:[]},&quot;renderer&quot;:&quot;svg&quot;}\" data-widget_type=\"lottie.default\">\n\t\t\t\t<div class=\"elementor-widget-container\">\n\t\t\t\t\t<div class=\"e-lottie__container\"><div class=\"e-lottie__animation\"><\/div><\/div>\t\t\t\t<\/div>\n\t\t\t\t<\/div>\n\t\t\t\t<section class=\"elementor-section elementor-inner-section elementor-element elementor-element-6117226 elementor-section-boxed elementor-section-height-default elementor-section-height-default\" data-id=\"6117226\" data-element_type=\"section\" data-e-type=\"section\">\n\t\t\t\t\t\t<div class=\"elementor-container elementor-column-gap-default\">\n\t\t\t\t\t<div class=\"elementor-column elementor-col-50 elementor-inner-column elementor-element elementor-element-f4de51a\" data-id=\"f4de51a\" data-element_type=\"column\" data-e-type=\"column\">\n\t\t\t<div class=\"elementor-widget-wrap elementor-element-populated\">\n\t\t\t\t\t\t<div class=\"elementor-element elementor-element-2e0fb62 elementor-widget elementor-widget-heading\" data-id=\"2e0fb62\" data-element_type=\"widget\" data-e-type=\"widget\" data-widget_type=\"heading.default\">\n\t\t\t\t<div class=\"elementor-widget-container\">\n\t\t\t\t\t<span class=\"elementor-heading-title elementor-size-default\">VISA &amp; Immigration<\/span>\t\t\t\t<\/div>\n\t\t\t\t<\/div>\n\t\t\t\t<div class=\"elementor-element elementor-element-d6b331d elementor-widget elementor-widget-text-editor\" data-id=\"d6b331d\" data-element_type=\"widget\" data-e-type=\"widget\" data-widget_type=\"text-editor.default\">\n\t\t\t\t<div class=\"elementor-widget-container\">\n\t\t\t\t\t\t\t\t\t<p>Tous les participants au <strong>Forum Makutano<\/strong> doivent chacun \u00eatre d\u00e9tenteur d\u2019un passeport valide d\u2019au moins trois mois et remplir les conditions d\u2019obtention de visa d\u2019acc\u00e8s en R\u00e9publique D\u00e9mocratique du Congo.<\/p><p>Tous les participants se trouvant dans des r\u00e9gions ou des pays o\u00f9 la RDC n\u2019a pas de repr\u00e9sentation diplomatique pourront obtenir des visas volants.<\/p><p>Pour l\u2019obtention dudit visa, les demandes sont \u00e0 soumettre en ligne sur\u00a0<a href=\"https:\/\/evisa.gouv.cd\/\">www.evisa.gouv.cd<\/a>\u00a0Veuillez noter qu&rsquo;en moyenne, le traitement des demandes de visa \u00e9lectronique prend deux \u00e0 trois jours ouvrables et il est fortement recommand\u00e9 de s\u2019y prendre bien \u00e0 l&rsquo;avance (nous conseillons dix jours plus t\u00f4t).<\/p>\t\t\t\t\t\t\t\t<\/div>\n\t\t\t\t<\/div>\n\t\t\t\t<div class=\"elementor-element elementor-element-af00b13 elementor-widget elementor-widget-heading\" data-id=\"af00b13\" data-element_type=\"widget\" data-e-type=\"widget\" data-widget_type=\"heading.default\">\n\t\t\t\t<div class=\"elementor-widget-container\">\n\t\t\t\t\t<span class=\"elementor-heading-title elementor-size-default\">TRANSPORTS AERIENS \/ TRANSFERTS<\/span>\t\t\t\t<\/div>\n\t\t\t\t<\/div>\n\t\t\t\t<div class=\"elementor-element elementor-element-ab45eba elementor-widget elementor-widget-text-editor\" data-id=\"ab45eba\" data-element_type=\"widget\" data-e-type=\"widget\" data-widget_type=\"text-editor.default\">\n\t\t\t\t<div class=\"elementor-widget-container\">\n\t\t\t\t\t\t\t\t\t<p>Pour faciliter votre transfert entre l\u2019a\u00e9roport et votre h\u00f4tel, nous avons pr\u00e9vu des navettes pour aller et le retour.<\/p><p>Si vous r\u00e9sidez dans un \u00e9tablissement autre qu\u2019un de nos h\u00f4tels partenaires, il vous est recommand\u00e9 de pr\u00e9voir un accompagnement en navette avec votre h\u00f4tel d\u00e8s votre r\u00e9servation.<\/p>\t\t\t\t\t\t\t\t<\/div>\n\t\t\t\t<\/div>\n\t\t\t\t<div class=\"elementor-element elementor-element-5502e93 elementor-widget elementor-widget-heading\" data-id=\"5502e93\" data-element_type=\"widget\" data-e-type=\"widget\" data-widget_type=\"heading.default\">\n\t\t\t\t<div class=\"elementor-widget-container\">\n\t\t\t\t\t<span class=\"elementor-heading-title elementor-size-default\">SANT\u00c9<\/span>\t\t\t\t<\/div>\n\t\t\t\t<\/div>\n\t\t\t\t<div class=\"elementor-element elementor-element-79fc522 elementor-widget elementor-widget-text-editor\" data-id=\"79fc522\" data-element_type=\"widget\" data-e-type=\"widget\" data-widget_type=\"text-editor.default\">\n\t\t\t\t<div class=\"elementor-widget-container\">\n\t\t\t\t\t\t\t\t\t<p>En cas de probl\u00e8me m\u00e9dical qui surviendrait, les premiers soins seront administr\u00e9s gratuitement par le personnel m\u00e9dical accr\u00e9dit\u00e9 sur le lieu du <strong>Forum Makutano<\/strong>.<\/p><p>Des structures m\u00e9dicales appropri\u00e9s se trouvant \u00e0 proximit\u00e9 peuvent prendre en charge les participants \u00e0 leur frais.<\/p>\t\t\t\t\t\t\t\t<\/div>\n\t\t\t\t<\/div>\n\t\t\t\t\t<\/div>\n\t\t<\/div>\n\t\t\t\t<div class=\"elementor-column elementor-col-50 elementor-inner-column elementor-element elementor-element-766efea\" data-id=\"766efea\" data-element_type=\"column\" data-e-type=\"column\">\n\t\t\t<div class=\"elementor-widget-wrap elementor-element-populated\">\n\t\t\t\t\t\t<div class=\"elementor-element elementor-element-f7432d9 elementor-widget elementor-widget-heading\" data-id=\"f7432d9\" data-element_type=\"widget\" data-e-type=\"widget\" data-widget_type=\"heading.default\">\n\t\t\t\t<div class=\"elementor-widget-container\">\n\t\t\t\t\t<span class=\"elementor-heading-title elementor-size-default\">Fi\u00e8vre Jaune &amp; Coronavirus<\/span>\t\t\t\t<\/div>\n\t\t\t\t<\/div>\n\t\t\t\t<div class=\"elementor-element elementor-element-9b69ef0 elementor-widget elementor-widget-text-editor\" data-id=\"9b69ef0\" data-element_type=\"widget\" data-e-type=\"widget\" data-widget_type=\"text-editor.default\">\n\t\t\t\t<div class=\"elementor-widget-container\">\n\t\t\t\t\t\t\t\t\t<p>Les voyageurs \u00e0 destination de la R\u00e9publique D\u00e9mocratique du Congo doivent se munir d&rsquo;un certificat sanitaire international valide de vaccination contre la fi\u00e8vre jaune. Ils doivent pr\u00e9senter un test <strong>PCR Covid-19<\/strong> n\u00e9gatif avec un pr\u00e9l\u00e8vement effectu\u00e9 moins de 3 jours, ou 72 heures, avant l\u2019entr\u00e9e dans le pays.<\/p><p>\u00c0 l&rsquo;arriv\u00e9e \u00e0 l&rsquo;a\u00e9roport de la R\u00e9publique D\u00e9mocratique du Congo, un test PCR Covid-19 sera effectu\u00e9, dont les frais s\u2019\u00e9l\u00e8vent \u00e0 45 USD, \u00e0 charge du voyageur. Les voyageurs doivent s&rsquo;inscrire en ligne pour le test \u00e0 l&rsquo;adresse\u00a0<a href=\"https:\/\/inrbcovid.com\/index.php\/user\/home\">inrbcovid.com<\/a>.<br \/><br \/>Lors de votre d\u00e9part, un test PCR Covid-19 n\u00e9gatif sera exig\u00e9 \u00e0 l\u2019a\u00e9roport et co\u00fbte 30 USD. Un dispositif de testing sera mis en place par l\u2019organisation Forum Makutano.<\/p><p>\u00a0<\/p>\t\t\t\t\t\t\t\t<\/div>\n\t\t\t\t<\/div>\n\t\t\t\t<div class=\"elementor-element elementor-element-777ca02 elementor-widget elementor-widget-heading\" data-id=\"777ca02\" data-element_type=\"widget\" data-e-type=\"widget\" data-widget_type=\"heading.default\">\n\t\t\t\t<div class=\"elementor-widget-container\">\n\t\t\t\t\t<span class=\"elementor-heading-title elementor-size-default\">FACILITES<\/span>\t\t\t\t<\/div>\n\t\t\t\t<\/div>\n\t\t\t\t<div class=\"elementor-element elementor-element-315a1b9 elementor-widget elementor-widget-text-editor\" data-id=\"315a1b9\" data-element_type=\"widget\" data-e-type=\"widget\" data-widget_type=\"text-editor.default\">\n\t\t\t\t<div class=\"elementor-widget-container\">\n\t\t\t\t\t\t\t\t\t<p>Kinshasa est une ville agr\u00e9able, bouillonnante, qui regorge de restaurants et de bars.<\/p><p>Les taxis kinois ont la particularit\u00e9 d\u2019\u00eatre collectifs et de suivre des itin\u00e9raires pr\u00e9d\u00e9finis, \u00e0 l\u2019instar des bus. Pour se procurer un taxi individuel, il faut demander un \u00ab express \u00bb, mais dans ce cas, le tarif est \u00e0 n\u00e9gocier avant de monter dans le v\u00e9hicule.<\/p><p>Notre partenaire, l\u2019agence de voyage Jeffery Travel, pourra vous fournir de pr\u00e9cieux conseils si vous souhaitez profiter de ce s\u00e9jour pour d\u00e9couvrir la RDC.<br \/><br \/><strong>Jeffery Travel<\/strong><br \/><a href=\"https:\/\/jeffery-travels.com\/\" target=\"_blank\" rel=\"noopener\" data-wplink-edit=\"true\">www.jeffery-travels.com<\/a><\/p>\t\t\t\t\t\t\t\t<\/div>\n\t\t\t\t<\/div>\n\t\t\t\t<div class=\"elementor-element elementor-element-aa9a125 elementor-widget elementor-widget-heading\" data-id=\"aa9a125\" data-element_type=\"widget\" data-e-type=\"widget\" data-widget_type=\"heading.default\">\n\t\t\t\t<div class=\"elementor-widget-container\">\n\t\t\t\t\t<span class=\"elementor-heading-title elementor-size-default\">HOTELS<\/span>\t\t\t\t<\/div>\n\t\t\t\t<\/div>\n\t\t\t\t<div class=\"elementor-element elementor-element-e50df1b elementor-widget elementor-widget-text-editor\" data-id=\"e50df1b\" data-element_type=\"widget\" data-e-type=\"widget\" data-widget_type=\"text-editor.default\">\n\t\t\t\t<div class=\"elementor-widget-container\">\n\t\t\t\t\t\t\t\t\t<p>Concernant l\u2019h\u00e9bergement dans le cadre de la tenue du <strong>Forum Makutano<\/strong>, quatres h\u00f4tels ont \u00e9t\u00e9 s\u00e9lectionn\u00e9s. Tous les participants doivent supporter les co\u00fbts de leur h\u00f4tel :<\/p><p><strong>Fleuve Congo H\u00f4tel<\/strong><br \/><a href=\"https:\/\/www.fleuvecongohotel.com\/\" target=\"_blank\" rel=\"noopener\">www.fleuvecongohotel.com<\/a><\/p><p><strong>Pullman Kinshasa Grand H\u00f4tel<\/strong><br \/><a href=\"https:\/\/all.accor.com\/hotel\/9904\/index.fr.shtml\" target=\"_blank\" rel=\"noopener\">www.accorhotels.com<\/a><\/p><p><strong>H\u00f4tel Sultani<\/strong><br \/><a href=\"https:\/\/www.sultanihotel.com\" target=\"_blank\" rel=\"noopener\">www.sultanihotel.com<\/a><\/p><p><strong>Kin Plaza Arjaan by Rotana (Rotana H\u00f4tel)<\/strong><br \/><a href=\"https:\/\/www.rotana.com\/arjaanhotelapartments\/democraticrepublicofcongo\/kinshasa\/kinplazaarjaan\" target=\"_blank\" rel=\"noopener\">www.rotana.com<\/a><\/p>\t\t\t\t\t\t\t\t<\/div>\n\t\t\t\t<\/div>\n\t\t\t\t\t<\/div>\n\t\t<\/div>\n\t\t\t\t\t<\/div>\n\t\t<\/section>\n\t\t\t\t\t<\/div>\n\t\t<\/div>\n\t\t\t\t\t<\/div>\n\t\t<\/section>\n\t\t\t\t<\/div>\n\t\t","protected":false},"excerpt":{"rendered":"<p>Makutano Informations pratiques VISA &#038; Immigration Tous les participants au Forum Makutano doivent chacun \u00eatre d\u00e9tenteur d\u2019un passeport valide d\u2019au [&hellip;]<\/p>\n","protected":false},"author":3,"featured_media":0,"parent":0,"menu_order":0,"comment_status":"closed","ping_status":"closed","template":"elementor_header_footer","meta":{"inline_featured_image":false,"site-sidebar-layout":"default","site-content-layout":"","ast-site-content-layout":"default","site-content-style":"default","site-sidebar-style":"default","ast-global-header-display":"","ast-banner-title-visibility":"","ast-main-header-display":"","ast-hfb-above-header-display":"","ast-hfb-below-header-display":"","ast-hfb-mobile-header-display":"","site-post-title":"","ast-breadcrumbs-content":"","ast-featured-img":"","footer-sml-layout":"","ast-disable-related-posts":"","theme-transparent-header-meta":"","adv-header-id-meta":"","stick-header-meta":"","header-above-stick-meta":"","header-main-stick-meta":"","header-below-stick-meta":"","astra-migrate-meta-layouts":"default","ast-page-background-enabled":"default","ast-page-background-meta":{"desktop":{"background-color":"var(--ast-global-color-5)","background-image":"","background-repeat":"repeat","background-position":"center center","background-size":"auto","background-attachment":"scroll","background-type":"","background-media":"","overlay-type":"","overlay-color":"","overlay-opacity":"","overlay-gradient":""},"tablet":{"background-color":"","background-image":"","background-repeat":"repeat","background-position":"center center","background-size":"auto","background-attachment":"scroll","background-type":"","background-media":"","overlay-type":"","overlay-color":"","overlay-opacity":"","overlay-gradient":""},"mobile":{"background-color":"","background-image":"","background-repeat":"repeat","background-position":"center center","background-size":"auto","background-attachment":"scroll","background-type":"","background-media":"","overlay-type":"","overlay-color":"","overlay-opacity":"","overlay-gradient":""}},"ast-content-background-meta":{"desktop":{"background-color":"var(--ast-global-color-4)","background-image":"","background-repeat":"repeat","background-position":"center center","background-size":"auto","background-attachment":"scroll","background-type":"","background-media":"","overlay-type":"","overlay-color":"","overlay-opacity":"","overlay-gradient":""},"tablet":{"background-color":"var(--ast-global-color-4)","background-image":"","background-repeat":"repeat","background-position":"center center","background-size":"auto","background-attachment":"scroll","background-type":"","background-media":"","overlay-type":"","overlay-color":"","overlay-opacity":"","overlay-gradient":""},"mobile":{"background-color":"var(--ast-global-color-4)","background-image":"","background-repeat":"repeat","background-position":"center center","background-size":"auto","background-attachment":"scroll","background-type":"","background-media":"","overlay-type":"","overlay-color":"","overlay-opacity":"","overlay-gradient":""}},"footnotes":""},"class_list":["post-874","page","type-page","status-publish","hentry"],"_links":{"self":[{"href":"https:\/\/preview.makutano.events\/en\/wp-json\/wp\/v2\/pages\/874"}],"collection":[{"href":"https:\/\/preview.makutano.events\/en\/wp-json\/wp\/v2\/pages"}],"about":[{"href":"https:\/\/preview.makutano.events\/en\/wp-json\/wp\/v2\/types\/page"}],"author":[{"embeddable":true,"href":"https:\/\/preview.makutano.events\/en\/wp-json\/wp\/v2\/users\/3"}],"replies":[{"embeddable":true,"href":"https:\/\/preview.makutano.events\/en\/wp-json\/wp\/v2\/comments?post=874"}],"version-history":[{"count":0,"href":"https:\/\/preview.makutano.events\/en\/wp-json\/wp\/v2\/pages\/874\/revisions"}],"wp:attachment":[{"href":"https:\/\/preview.makutano.events\/en\/wp-json\/wp\/v2\/media?parent=874"}],"curies":[{"name":"wp","href":"https:\/\/api.w.org\/{rel}","templated":true}]}}