{"id":6485,"date":"2023-09-14T10:38:55","date_gmt":"2023-09-14T08:38:55","guid":{"rendered":"https:\/\/preview.makutano.events\/?page_id=6485"},"modified":"2023-09-14T10:49:41","modified_gmt":"2023-09-14T08:49:41","slug":"raba-arbi2","status":"publish","type":"page","link":"https:\/\/preview.makutano.events\/en\/institut\/publications\/raba-arbi2\/","title":{"rendered":"Revue Africaine de la Banque et des Assurances (African Review of Banking and Insurance)"},"content":{"rendered":"\t\t<div data-elementor-type=\"wp-page\" data-elementor-id=\"6485\" class=\"elementor elementor-6485\" data-elementor-post-type=\"page\">\n\t\t\t\t\t\t<section class=\"elementor-section elementor-top-section elementor-element elementor-element-bfc9bba animated-fast elementor-section-boxed elementor-section-height-default elementor-section-height-default elementor-invisible\" data-id=\"bfc9bba\" data-element_type=\"section\" data-e-type=\"section\" data-settings=\"{&quot;background_background&quot;:&quot;classic&quot;,&quot;sticky&quot;:&quot;top&quot;,&quot;animation&quot;:&quot;fadeInUp&quot;,&quot;animation_delay&quot;:0.5,&quot;sticky_on&quot;:[&quot;desktop&quot;,&quot;tablet&quot;,&quot;mobile&quot;],&quot;sticky_offset&quot;:0,&quot;sticky_effects_offset&quot;:0,&quot;sticky_anchor_link_offset&quot;:0}\">\n\t\t\t\t\t\t<div class=\"elementor-container elementor-column-gap-default\">\n\t\t\t\t\t<div class=\"elementor-column elementor-col-100 elementor-top-column elementor-element elementor-element-5886d8a\" data-id=\"5886d8a\" data-element_type=\"column\" data-e-type=\"column\">\n\t\t\t<div class=\"elementor-widget-wrap elementor-element-populated\">\n\t\t\t\t\t\t<div class=\"elementor-element elementor-element-0cccbbd elementor-nav-menu__align-center elementor-nav-menu--dropdown-mobile elementor-nav-menu--stretch elementor-nav-menu__text-align-center menu-institut elementor-nav-menu--toggle elementor-nav-menu--burger elementor-widget elementor-widget-nav-menu\" data-id=\"0cccbbd\" data-element_type=\"widget\" data-e-type=\"widget\" data-settings=\"{&quot;full_width&quot;:&quot;stretch&quot;,&quot;layout&quot;:&quot;horizontal&quot;,&quot;submenu_icon&quot;:{&quot;value&quot;:&quot;&lt;i class=\\&quot;fas fa-caret-down\\&quot; aria-hidden=\\&quot;true\\&quot;&gt;&lt;\\\/i&gt;&quot;,&quot;library&quot;:&quot;fa-solid&quot;},&quot;toggle&quot;:&quot;burger&quot;}\" data-widget_type=\"nav-menu.default\">\n\t\t\t\t<div class=\"elementor-widget-container\">\n\t\t\t\t\t\t\t\t<nav aria-label=\"Menu\" class=\"elementor-nav-menu--main elementor-nav-menu__container elementor-nav-menu--layout-horizontal e--pointer-underline e--animation-slide\">\n\t\t\t\t<ul id=\"menu-1-0cccbbd\" class=\"elementor-nav-menu\"><li class=\"menu-item menu-item-type-post_type menu-item-object-page menu-item-2247\"><a href=\"https:\/\/preview.makutano.events\/en\/institut\/\" class=\"elementor-item menu-link\">Institut<\/a><\/li>\n<li class=\"menu-item menu-item-type-post_type menu-item-object-page menu-item-has-children menu-item-2206\"><a aria-expanded=\"false\" href=\"https:\/\/preview.makutano.events\/en\/institut\/publications\/\" class=\"elementor-item menu-link\">Publications<span role=\"button\" class=\"dropdown-menu-toggle ast-header-navigation-arrow\" tabindex=\"0\" aria-expanded=\"false\" aria-label=\"Menu Toggle\" aria-haspopup=\"true\"><\/span><\/a>\n<ul class=\"sub-menu elementor-nav-menu--dropdown\">\n\t<li class=\"menu-item menu-item-type-post_type menu-item-object-page menu-item-2310\"><a href=\"https:\/\/preview.makutano.events\/en\/institut\/publications\/actes-de-conference\/\" class=\"elementor-sub-item menu-link\">Actes de conf\u00e9rence<\/a><\/li>\n\t<li class=\"menu-item menu-item-type-post_type menu-item-object-page menu-item-2311\"><a href=\"https:\/\/preview.makutano.events\/en\/institut\/publications\/analyses-makutano\/\" class=\"elementor-sub-item menu-link\">Analyses Makutano<\/a><\/li>\n\t<li class=\"menu-item menu-item-type-post_type menu-item-object-page menu-item-2312\"><a href=\"https:\/\/preview.makutano.events\/en\/institut\/publications\/documents-de-travail\/\" class=\"elementor-sub-item menu-link\">Documents de travail<\/a><\/li>\n\t<li class=\"menu-item menu-item-type-post_type menu-item-object-page menu-item-6071\"><a href=\"https:\/\/preview.makutano.events\/en\/institut\/publications\/raba-arbi\/\" class=\"elementor-sub-item menu-link\">Revue Africaine de la Banque et des Assurances (African Review of Banking and Insurance)<\/a><\/li>\n<\/ul>\n<\/li>\n<li class=\"menu-item menu-item-type-post_type menu-item-object-page menu-item-2207\"><a href=\"https:\/\/preview.makutano.events\/en\/institut\/conferences\/\" class=\"elementor-item menu-link\">Conf\u00e9rences<\/a><\/li>\n<li class=\"menu-item menu-item-type-post_type menu-item-object-page menu-item-2209\"><a href=\"https:\/\/preview.makutano.events\/en\/institut\/statuts\/\" class=\"elementor-item menu-link\">Statuts<\/a><\/li>\n<\/ul>\t\t\t<\/nav>\n\t\t\t\t\t<div class=\"elementor-menu-toggle\" role=\"button\" tabindex=\"0\" aria-label=\"Menu Toggle\" aria-expanded=\"false\">\n\t\t\t<i aria-hidden=\"true\" role=\"presentation\" class=\"elementor-menu-toggle__icon--open eicon-menu-bar\"><\/i><i aria-hidden=\"true\" role=\"presentation\" class=\"elementor-menu-toggle__icon--close eicon-close\"><\/i>\t\t<\/div>\n\t\t\t\t\t<nav class=\"elementor-nav-menu--dropdown elementor-nav-menu__container\" aria-hidden=\"true\">\n\t\t\t\t<ul id=\"menu-2-0cccbbd\" class=\"elementor-nav-menu\"><li class=\"menu-item menu-item-type-post_type menu-item-object-page menu-item-2247\"><a href=\"https:\/\/preview.makutano.events\/en\/institut\/\" class=\"elementor-item menu-link\" tabindex=\"-1\">Institut<\/a><\/li>\n<li class=\"menu-item menu-item-type-post_type menu-item-object-page menu-item-has-children menu-item-2206\"><a aria-expanded=\"false\" href=\"https:\/\/preview.makutano.events\/en\/institut\/publications\/\" class=\"elementor-item menu-link\" tabindex=\"-1\">Publications<span role=\"button\" class=\"dropdown-menu-toggle ast-header-navigation-arrow\" tabindex=\"0\" aria-expanded=\"false\" aria-label=\"Menu Toggle\" aria-haspopup=\"true\"><\/span><\/a>\n<ul class=\"sub-menu elementor-nav-menu--dropdown\">\n\t<li class=\"menu-item menu-item-type-post_type menu-item-object-page menu-item-2310\"><a href=\"https:\/\/preview.makutano.events\/en\/institut\/publications\/actes-de-conference\/\" class=\"elementor-sub-item menu-link\" tabindex=\"-1\">Actes de conf\u00e9rence<\/a><\/li>\n\t<li class=\"menu-item menu-item-type-post_type menu-item-object-page menu-item-2311\"><a href=\"https:\/\/preview.makutano.events\/en\/institut\/publications\/analyses-makutano\/\" class=\"elementor-sub-item menu-link\" tabindex=\"-1\">Analyses Makutano<\/a><\/li>\n\t<li class=\"menu-item menu-item-type-post_type menu-item-object-page menu-item-2312\"><a href=\"https:\/\/preview.makutano.events\/en\/institut\/publications\/documents-de-travail\/\" class=\"elementor-sub-item menu-link\" tabindex=\"-1\">Documents de travail<\/a><\/li>\n\t<li class=\"menu-item menu-item-type-post_type menu-item-object-page menu-item-6071\"><a href=\"https:\/\/preview.makutano.events\/en\/institut\/publications\/raba-arbi\/\" class=\"elementor-sub-item menu-link\" tabindex=\"-1\">Revue Africaine de la Banque et des Assurances (African Review of Banking and Insurance)<\/a><\/li>\n<\/ul>\n<\/li>\n<li class=\"menu-item menu-item-type-post_type menu-item-object-page menu-item-2207\"><a href=\"https:\/\/preview.makutano.events\/en\/institut\/conferences\/\" class=\"elementor-item menu-link\" tabindex=\"-1\">Conf\u00e9rences<\/a><\/li>\n<li class=\"menu-item menu-item-type-post_type menu-item-object-page menu-item-2209\"><a href=\"https:\/\/preview.makutano.events\/en\/institut\/statuts\/\" class=\"elementor-item menu-link\" tabindex=\"-1\">Statuts<\/a><\/li>\n<\/ul>\t\t\t<\/nav>\n\t\t\t\t\t\t<\/div>\n\t\t\t\t<\/div>\n\t\t\t\t\t<\/div>\n\t\t<\/div>\n\t\t\t\t\t<\/div>\n\t\t<\/section>\n\t\t\t\t<section class=\"elementor-section elementor-top-section elementor-element elementor-element-2a8b74a2 elementor-section-boxed elementor-section-height-default elementor-section-height-default elementor-invisible\" data-id=\"2a8b74a2\" data-element_type=\"section\" data-e-type=\"section\" data-settings=\"{&quot;background_background&quot;:&quot;classic&quot;,&quot;animation&quot;:&quot;fadeIn&quot;,&quot;background_motion_fx_motion_fx_scrolling&quot;:&quot;yes&quot;,&quot;background_motion_fx_translateX_effect&quot;:&quot;yes&quot;,&quot;background_motion_fx_translateX_speed&quot;:{&quot;unit&quot;:&quot;px&quot;,&quot;size&quot;:7,&quot;sizes&quot;:[]},&quot;background_motion_fx_translateX_affectedRange&quot;:{&quot;unit&quot;:&quot;%&quot;,&quot;size&quot;:&quot;&quot;,&quot;sizes&quot;:{&quot;start&quot;:0,&quot;end&quot;:100}},&quot;background_motion_fx_devices&quot;:[&quot;desktop&quot;,&quot;tablet&quot;,&quot;mobile&quot;]}\">\n\t\t\t\t\t\t<div class=\"elementor-container elementor-column-gap-default\">\n\t\t\t\t\t<div class=\"elementor-column elementor-col-100 elementor-top-column elementor-element elementor-element-395b78df\" data-id=\"395b78df\" data-element_type=\"column\" data-e-type=\"column\" data-settings=\"{&quot;background_background&quot;:&quot;classic&quot;}\">\n\t\t\t<div class=\"elementor-widget-wrap elementor-element-populated\">\n\t\t\t\t\t\t<div class=\"elementor-element elementor-element-86045ec titre-2-puce-haut elementor-invisible elementor-widget elementor-widget-heading\" data-id=\"86045ec\" data-element_type=\"widget\" data-e-type=\"widget\" data-settings=\"{&quot;_animation&quot;:&quot;fadeInRight&quot;}\" data-widget_type=\"heading.default\">\n\t\t\t\t<div class=\"elementor-widget-container\">\n\t\t\t\t\t<h2 class=\"elementor-heading-title elementor-size-default\">Revue Africaine de la Banque et des Assurances<br>African Review of Banking and Insurance<\/h2>\t\t\t\t<\/div>\n\t\t\t\t<\/div>\n\t\t\t\t\t<\/div>\n\t\t<\/div>\n\t\t\t\t\t<\/div>\n\t\t<\/section>\n\t\t\t\t<section class=\"elementor-section elementor-top-section elementor-element elementor-element-34b54478 elementor-section-boxed elementor-section-height-default elementor-section-height-default elementor-invisible\" data-id=\"34b54478\" data-element_type=\"section\" data-e-type=\"section\" data-settings=\"{&quot;background_background&quot;:&quot;classic&quot;,&quot;animation&quot;:&quot;fadeIn&quot;}\">\n\t\t\t\t\t\t\t<div class=\"elementor-background-overlay\"><\/div>\n\t\t\t\t\t\t\t<div class=\"elementor-container elementor-column-gap-default\">\n\t\t\t\t\t<div class=\"elementor-column elementor-col-100 elementor-top-column elementor-element elementor-element-471f6758\" data-id=\"471f6758\" data-element_type=\"column\" data-e-type=\"column\">\n\t\t\t<div class=\"elementor-widget-wrap elementor-element-populated\">\n\t\t\t\t\t\t<div class=\"elementor-element elementor-element-43904404 elementor-grid-2 elementor-grid-tablet-2 elementor-grid-mobile-1 elementor-posts--thumbnail-top elementor-invisible elementor-widget elementor-widget-posts\" data-id=\"43904404\" data-element_type=\"widget\" data-e-type=\"widget\" data-settings=\"{&quot;classic_row_gap&quot;:{&quot;unit&quot;:&quot;px&quot;,&quot;size&quot;:30,&quot;sizes&quot;:[]},&quot;_animation&quot;:&quot;fadeInUp&quot;,&quot;_animation_tablet&quot;:&quot;fadeIn&quot;,&quot;pagination_type&quot;:&quot;numbers_and_prev_next&quot;,&quot;classic_columns&quot;:&quot;2&quot;,&quot;classic_columns_tablet&quot;:&quot;2&quot;,&quot;classic_columns_mobile&quot;:&quot;1&quot;,&quot;classic_row_gap_tablet&quot;:{&quot;unit&quot;:&quot;px&quot;,&quot;size&quot;:&quot;&quot;,&quot;sizes&quot;:[]},&quot;classic_row_gap_mobile&quot;:{&quot;unit&quot;:&quot;px&quot;,&quot;size&quot;:&quot;&quot;,&quot;sizes&quot;:[]}}\" data-widget_type=\"posts.classic\">\n\t\t\t\t<div class=\"elementor-widget-container\">\n\t\t\t\t\t\t\t<div class=\"elementor-posts-container elementor-posts elementor-posts--skin-classic elementor-grid\" role=\"list\">\n\t\t\t\t<article class=\"elementor-post elementor-grid-item post-6512 post type-post status-publish format-standard has-post-thumbnail hentry category-raba-arbi2\" role=\"listitem\">\n\t\t\t\t<a class=\"elementor-post__thumbnail__link\" href=\"https:\/\/preview.makutano.events\/en\/la-necessite-dune-assurance-contre-les-risques-climatiques-pour-les-petits-exploitants-agricoles-en-afrique\/\" tabindex=\"-1\" >\n\t\t\t<div class=\"elementor-post__thumbnail\"><img fetchpriority=\"high\" decoding=\"async\" width=\"2480\" height=\"866\" src=\"https:\/\/preview.makutano.events\/wp-content\/uploads\/2023\/01\/COVER.RABA_.ARBI_.png\" class=\"attachment-full size-full wp-image-5980\" alt=\"\" srcset=\"https:\/\/preview.makutano.events\/wp-content\/uploads\/2023\/01\/COVER.RABA_.ARBI_.png 2480w, https:\/\/preview.makutano.events\/wp-content\/uploads\/2023\/01\/COVER.RABA_.ARBI_-300x105.png 300w, https:\/\/preview.makutano.events\/wp-content\/uploads\/2023\/01\/COVER.RABA_.ARBI_-1024x358.png 1024w, https:\/\/preview.makutano.events\/wp-content\/uploads\/2023\/01\/COVER.RABA_.ARBI_-768x268.png 768w, https:\/\/preview.makutano.events\/wp-content\/uploads\/2023\/01\/COVER.RABA_.ARBI_-1536x536.png 1536w, https:\/\/preview.makutano.events\/wp-content\/uploads\/2023\/01\/COVER.RABA_.ARBI_-2048x715.png 2048w, https:\/\/preview.makutano.events\/wp-content\/uploads\/2023\/01\/COVER.RABA_.ARBI_-18x6.png 18w\" sizes=\"(max-width: 2480px) 100vw, 2480px\" \/><\/div>\n\t\t<\/a>\n\t\t\t\t<div class=\"elementor-post__text\">\n\t\t\t\t<h3 class=\"elementor-post__title\">\n\t\t\t<a href=\"https:\/\/preview.makutano.events\/en\/la-necessite-dune-assurance-contre-les-risques-climatiques-pour-les-petits-exploitants-agricoles-en-afrique\/\" >\n\t\t\t\tLa n\u00e9cessit\u00e9 d\u2019une assurance contre les risques climatiques pour les petits exploitants agricoles en Afrique\t\t\t<\/a>\n\t\t<\/h3>\n\t\t\t\t<div class=\"elementor-post__excerpt\">\n\t\t\t<p>John M. Ulimwengu et Francis Mulangu<\/p>\n\t\t<\/div>\n\t\t\n\t\t<a class=\"elementor-post__read-more\" href=\"https:\/\/preview.makutano.events\/en\/la-necessite-dune-assurance-contre-les-risques-climatiques-pour-les-petits-exploitants-agricoles-en-afrique\/\" aria-label=\"Read more about La n\u00e9cessit\u00e9 d\u2019une assurance contre les risques climatiques pour les petits exploitants agricoles en Afrique\" tabindex=\"-1\" >\n\t\t\tLire la suite\t\t<\/a>\n\n\t\t\t\t<\/div>\n\t\t\t\t<\/article>\n\t\t\t\t<article class=\"elementor-post elementor-grid-item post-6516 post type-post status-publish format-standard has-post-thumbnail hentry category-raba-arbi2\" role=\"listitem\">\n\t\t\t\t<a class=\"elementor-post__thumbnail__link\" href=\"https:\/\/preview.makutano.events\/en\/cryptomonnaies-et-defis-de-regulation-en-republique-democratique-du-congo\/\" tabindex=\"-1\" >\n\t\t\t<div class=\"elementor-post__thumbnail\"><img fetchpriority=\"high\" decoding=\"async\" width=\"2480\" height=\"866\" src=\"https:\/\/preview.makutano.events\/wp-content\/uploads\/2023\/01\/COVER.RABA_.ARBI_.png\" class=\"attachment-full size-full wp-image-5980\" alt=\"\" srcset=\"https:\/\/preview.makutano.events\/wp-content\/uploads\/2023\/01\/COVER.RABA_.ARBI_.png 2480w, https:\/\/preview.makutano.events\/wp-content\/uploads\/2023\/01\/COVER.RABA_.ARBI_-300x105.png 300w, https:\/\/preview.makutano.events\/wp-content\/uploads\/2023\/01\/COVER.RABA_.ARBI_-1024x358.png 1024w, https:\/\/preview.makutano.events\/wp-content\/uploads\/2023\/01\/COVER.RABA_.ARBI_-768x268.png 768w, https:\/\/preview.makutano.events\/wp-content\/uploads\/2023\/01\/COVER.RABA_.ARBI_-1536x536.png 1536w, https:\/\/preview.makutano.events\/wp-content\/uploads\/2023\/01\/COVER.RABA_.ARBI_-2048x715.png 2048w, https:\/\/preview.makutano.events\/wp-content\/uploads\/2023\/01\/COVER.RABA_.ARBI_-18x6.png 18w\" sizes=\"(max-width: 2480px) 100vw, 2480px\" \/><\/div>\n\t\t<\/a>\n\t\t\t\t<div class=\"elementor-post__text\">\n\t\t\t\t<h3 class=\"elementor-post__title\">\n\t\t\t<a href=\"https:\/\/preview.makutano.events\/en\/cryptomonnaies-et-defis-de-regulation-en-republique-democratique-du-congo\/\" >\n\t\t\t\tCryptomonnaies et d\u00e9fis de r\u00e9gulation en R\u00e9publique D\u00e9mocratique du Congo\t\t\t<\/a>\n\t\t<\/h3>\n\t\t\t\t<div class=\"elementor-post__excerpt\">\n\t\t\t<p>Tr\u00e9sor Gauthier M. Kalonji et Serge Songolo<\/p>\n\t\t<\/div>\n\t\t\n\t\t<a class=\"elementor-post__read-more\" href=\"https:\/\/preview.makutano.events\/en\/cryptomonnaies-et-defis-de-regulation-en-republique-democratique-du-congo\/\" aria-label=\"Read more about Cryptomonnaies et d\u00e9fis de r\u00e9gulation en R\u00e9publique D\u00e9mocratique du Congo\" tabindex=\"-1\" >\n\t\t\tLire la suite\t\t<\/a>\n\n\t\t\t\t<\/div>\n\t\t\t\t<\/article>\n\t\t\t\t<article class=\"elementor-post elementor-grid-item post-6520 post type-post status-publish format-standard has-post-thumbnail hentry category-raba-arbi2\" role=\"listitem\">\n\t\t\t\t<a class=\"elementor-post__thumbnail__link\" href=\"https:\/\/preview.makutano.events\/en\/de-la-peur-du-flottement-a-la-peur-de-la-perte-des-reserves-de-change-linterventionnisme-de-la-banque-centrale-du-congo-face-aux-tensions-recurrentes-sur-le-marche-de-change\/\" tabindex=\"-1\" >\n\t\t\t<div class=\"elementor-post__thumbnail\"><img fetchpriority=\"high\" decoding=\"async\" width=\"2480\" height=\"866\" src=\"https:\/\/preview.makutano.events\/wp-content\/uploads\/2023\/01\/COVER.RABA_.ARBI_.png\" class=\"attachment-full size-full wp-image-5980\" alt=\"\" srcset=\"https:\/\/preview.makutano.events\/wp-content\/uploads\/2023\/01\/COVER.RABA_.ARBI_.png 2480w, https:\/\/preview.makutano.events\/wp-content\/uploads\/2023\/01\/COVER.RABA_.ARBI_-300x105.png 300w, https:\/\/preview.makutano.events\/wp-content\/uploads\/2023\/01\/COVER.RABA_.ARBI_-1024x358.png 1024w, https:\/\/preview.makutano.events\/wp-content\/uploads\/2023\/01\/COVER.RABA_.ARBI_-768x268.png 768w, https:\/\/preview.makutano.events\/wp-content\/uploads\/2023\/01\/COVER.RABA_.ARBI_-1536x536.png 1536w, https:\/\/preview.makutano.events\/wp-content\/uploads\/2023\/01\/COVER.RABA_.ARBI_-2048x715.png 2048w, https:\/\/preview.makutano.events\/wp-content\/uploads\/2023\/01\/COVER.RABA_.ARBI_-18x6.png 18w\" sizes=\"(max-width: 2480px) 100vw, 2480px\" \/><\/div>\n\t\t<\/a>\n\t\t\t\t<div class=\"elementor-post__text\">\n\t\t\t\t<h3 class=\"elementor-post__title\">\n\t\t\t<a href=\"https:\/\/preview.makutano.events\/en\/de-la-peur-du-flottement-a-la-peur-de-la-perte-des-reserves-de-change-linterventionnisme-de-la-banque-centrale-du-congo-face-aux-tensions-recurrentes-sur-le-marche-de-change\/\" >\n\t\t\t\tDe la peur du flottement \u00e0 la peur de la perte des r\u00e9serves de change : l\u2019interventionnisme de la Banque Centrale du Congo face aux tensions r\u00e9currentes sur le march\u00e9 de change\t\t\t<\/a>\n\t\t<\/h3>\n\t\t\t\t<div class=\"elementor-post__excerpt\">\n\t\t\t<p>Emmanuel Sungani et Andr\u00e9 M. Nyembwe<\/p>\n\t\t<\/div>\n\t\t\n\t\t<a class=\"elementor-post__read-more\" href=\"https:\/\/preview.makutano.events\/en\/de-la-peur-du-flottement-a-la-peur-de-la-perte-des-reserves-de-change-linterventionnisme-de-la-banque-centrale-du-congo-face-aux-tensions-recurrentes-sur-le-marche-de-change\/\" aria-label=\"Read more about De la peur du flottement \u00e0 la peur de la perte des r\u00e9serves de change : l\u2019interventionnisme de la Banque Centrale du Congo face aux tensions r\u00e9currentes sur le march\u00e9 de change\" tabindex=\"-1\" >\n\t\t\tLire la suite\t\t<\/a>\n\n\t\t\t\t<\/div>\n\t\t\t\t<\/article>\n\t\t\t\t<article class=\"elementor-post elementor-grid-item post-6524 post type-post status-publish format-standard has-post-thumbnail hentry category-raba-arbi2\" role=\"listitem\">\n\t\t\t\t<a class=\"elementor-post__thumbnail__link\" href=\"https:\/\/preview.makutano.events\/en\/impact-of-systemic-risk-measures-on-portfolio-diversification-evidence-from-the-johannesburg-stock-exchange\/\" tabindex=\"-1\" >\n\t\t\t<div class=\"elementor-post__thumbnail\"><img fetchpriority=\"high\" decoding=\"async\" width=\"2480\" height=\"866\" src=\"https:\/\/preview.makutano.events\/wp-content\/uploads\/2023\/01\/COVER.RABA_.ARBI_.png\" class=\"attachment-full size-full wp-image-5980\" alt=\"\" srcset=\"https:\/\/preview.makutano.events\/wp-content\/uploads\/2023\/01\/COVER.RABA_.ARBI_.png 2480w, https:\/\/preview.makutano.events\/wp-content\/uploads\/2023\/01\/COVER.RABA_.ARBI_-300x105.png 300w, https:\/\/preview.makutano.events\/wp-content\/uploads\/2023\/01\/COVER.RABA_.ARBI_-1024x358.png 1024w, https:\/\/preview.makutano.events\/wp-content\/uploads\/2023\/01\/COVER.RABA_.ARBI_-768x268.png 768w, https:\/\/preview.makutano.events\/wp-content\/uploads\/2023\/01\/COVER.RABA_.ARBI_-1536x536.png 1536w, https:\/\/preview.makutano.events\/wp-content\/uploads\/2023\/01\/COVER.RABA_.ARBI_-2048x715.png 2048w, https:\/\/preview.makutano.events\/wp-content\/uploads\/2023\/01\/COVER.RABA_.ARBI_-18x6.png 18w\" sizes=\"(max-width: 2480px) 100vw, 2480px\" \/><\/div>\n\t\t<\/a>\n\t\t\t\t<div class=\"elementor-post__text\">\n\t\t\t\t<h3 class=\"elementor-post__title\">\n\t\t\t<a href=\"https:\/\/preview.makutano.events\/en\/impact-of-systemic-risk-measures-on-portfolio-diversification-evidence-from-the-johannesburg-stock-exchange\/\" >\n\t\t\t\tImpact of systemic risk measures on portfolio diversification: Evidence from the Johannesburg Stock Exchange\t\t\t<\/a>\n\t\t<\/h3>\n\t\t\t\t<div class=\"elementor-post__excerpt\">\n\t\t\t<p>Anaclet Kipupi Kitenge and J.W. Muteba Mwamba<\/p>\n\t\t<\/div>\n\t\t\n\t\t<a class=\"elementor-post__read-more\" href=\"https:\/\/preview.makutano.events\/en\/impact-of-systemic-risk-measures-on-portfolio-diversification-evidence-from-the-johannesburg-stock-exchange\/\" aria-label=\"Read more about Impact of systemic risk measures on portfolio diversification: Evidence from the Johannesburg Stock Exchange\" tabindex=\"-1\" >\n\t\t\tLire la suite\t\t<\/a>\n\n\t\t\t\t<\/div>\n\t\t\t\t<\/article>\n\t\t\t\t<\/div>\n\t\t\n\t\t\t\t\t\t<\/div>\n\t\t\t\t<\/div>\n\t\t\t\t\t<\/div>\n\t\t<\/div>\n\t\t\t\t\t<\/div>\n\t\t<\/section>\n\t\t\t\t<\/div>\n\t\t","protected":false},"excerpt":{"rendered":"<p>Revue Africaine de la Banque et des AssurancesAfrican Review of Banking and Insurance<\/p>","protected":false},"author":3,"featured_media":0,"parent":2066,"menu_order":0,"comment_status":"closed","ping_status":"closed","template":"","meta":{"inline_featured_image":false,"site-sidebar-layout":"default","site-content-layout":"","ast-site-content-layout":"default","site-content-style":"default","site-sidebar-style":"default","ast-global-header-display":"","ast-banner-title-visibility":"","ast-main-header-display":"","ast-hfb-above-header-display":"","ast-hfb-below-header-display":"","ast-hfb-mobile-header-display":"","site-post-title":"","ast-breadcrumbs-content":"","ast-featured-img":"","footer-sml-layout":"","ast-disable-related-posts":"","theme-transparent-header-meta":"","adv-header-id-meta":"","stick-header-meta":"","header-above-stick-meta":"","header-main-stick-meta":"","header-below-stick-meta":"","astra-migrate-meta-layouts":"default","ast-page-background-enabled":"default","ast-page-background-meta":{"desktop":{"background-color":"var(--ast-global-color-5)","background-image":"","background-repeat":"repeat","background-position":"center center","background-size":"auto","background-attachment":"scroll","background-type":"","background-media":"","overlay-type":"","overlay-color":"","overlay-opacity":"","overlay-gradient":""},"tablet":{"background-color":"","background-image":"","background-repeat":"repeat","background-position":"center center","background-size":"auto","background-attachment":"scroll","background-type":"","background-media":"","overlay-type":"","overlay-color":"","overlay-opacity":"","overlay-gradient":""},"mobile":{"background-color":"","background-image":"","background-repeat":"repeat","background-position":"center center","background-size":"auto","background-attachment":"scroll","background-type":"","background-media":"","overlay-type":"","overlay-color":"","overlay-opacity":"","overlay-gradient":""}},"ast-content-background-meta":{"desktop":{"background-color":"var(--ast-global-color-4)","background-image":"","background-repeat":"repeat","background-position":"center center","background-size":"auto","background-attachment":"scroll","background-type":"","background-media":"","overlay-type":"","overlay-color":"","overlay-opacity":"","overlay-gradient":""},"tablet":{"background-color":"var(--ast-global-color-4)","background-image":"","background-repeat":"repeat","background-position":"center center","background-size":"auto","background-attachment":"scroll","background-type":"","background-media":"","overlay-type":"","overlay-color":"","overlay-opacity":"","overlay-gradient":""},"mobile":{"background-color":"var(--ast-global-color-4)","background-image":"","background-repeat":"repeat","background-position":"center center","background-size":"auto","background-attachment":"scroll","background-type":"","background-media":"","overlay-type":"","overlay-color":"","overlay-opacity":"","overlay-gradient":""}},"footnotes":""},"class_list":["post-6485","page","type-page","status-publish","hentry"],"_links":{"self":[{"href":"https:\/\/preview.makutano.events\/en\/wp-json\/wp\/v2\/pages\/6485"}],"collection":[{"href":"https:\/\/preview.makutano.events\/en\/wp-json\/wp\/v2\/pages"}],"about":[{"href":"https:\/\/preview.makutano.events\/en\/wp-json\/wp\/v2\/types\/page"}],"author":[{"embeddable":true,"href":"https:\/\/preview.makutano.events\/en\/wp-json\/wp\/v2\/users\/3"}],"replies":[{"embeddable":true,"href":"https:\/\/preview.makutano.events\/en\/wp-json\/wp\/v2\/comments?post=6485"}],"version-history":[{"count":0,"href":"https:\/\/preview.makutano.events\/en\/wp-json\/wp\/v2\/pages\/6485\/revisions"}],"up":[{"embeddable":true,"href":"https:\/\/preview.makutano.events\/en\/wp-json\/wp\/v2\/pages\/2066"}],"wp:attachment":[{"href":"https:\/\/preview.makutano.events\/en\/wp-json\/wp\/v2\/media?parent=6485"}],"curies":[{"name":"wp","href":"https:\/\/api.w.org\/{rel}","templated":true}]}}