{"id":1314,"date":"2020-07-28T12:08:24","date_gmt":"2020-07-28T10:08:24","guid":{"rendered":"http:\/\/fwltvvj.cluster028.hosting.ovh.net\/?page_id=1314"},"modified":"2025-12-15T15:25:45","modified_gmt":"2025-12-15T14:25:45","slug":"conferences","status":"publish","type":"page","link":"https:\/\/preview.makutano.events\/en\/institut\/conferences\/","title":{"rendered":"Conferences"},"content":{"rendered":"\t\t<div data-elementor-type=\"wp-page\" data-elementor-id=\"1314\" class=\"elementor elementor-1314\" data-elementor-post-type=\"page\">\n\t\t\t\t\t\t<section class=\"elementor-section elementor-top-section elementor-element elementor-element-13210aff animated-fast elementor-hidden-desktop elementor-hidden-tablet elementor-hidden-mobile elementor-section-boxed elementor-section-height-default elementor-section-height-default elementor-invisible\" data-id=\"13210aff\" data-element_type=\"section\" data-e-type=\"section\" data-settings=\"{&quot;background_background&quot;:&quot;classic&quot;,&quot;sticky&quot;:&quot;top&quot;,&quot;animation&quot;:&quot;fadeInUp&quot;,&quot;animation_delay&quot;:0.5,&quot;sticky_on&quot;:[&quot;desktop&quot;,&quot;tablet&quot;,&quot;mobile&quot;],&quot;sticky_offset&quot;:0,&quot;sticky_effects_offset&quot;:0,&quot;sticky_anchor_link_offset&quot;:0}\">\n\t\t\t\t\t\t<div class=\"elementor-container elementor-column-gap-default\">\n\t\t\t\t\t<div class=\"elementor-column elementor-col-100 elementor-top-column elementor-element elementor-element-638c6137\" data-id=\"638c6137\" data-element_type=\"column\" data-e-type=\"column\">\n\t\t\t<div class=\"elementor-widget-wrap elementor-element-populated\">\n\t\t\t\t\t\t<div class=\"elementor-element elementor-element-98bdb86 elementor-nav-menu__align-center elementor-nav-menu--dropdown-mobile elementor-nav-menu--stretch elementor-nav-menu__text-align-center menu-institut elementor-nav-menu--toggle elementor-nav-menu--burger elementor-widget elementor-widget-nav-menu\" data-id=\"98bdb86\" data-element_type=\"widget\" data-e-type=\"widget\" data-settings=\"{&quot;full_width&quot;:&quot;stretch&quot;,&quot;layout&quot;:&quot;horizontal&quot;,&quot;submenu_icon&quot;:{&quot;value&quot;:&quot;&lt;i class=\\&quot;fas fa-caret-down\\&quot; aria-hidden=\\&quot;true\\&quot;&gt;&lt;\\\/i&gt;&quot;,&quot;library&quot;:&quot;fa-solid&quot;},&quot;toggle&quot;:&quot;burger&quot;}\" data-widget_type=\"nav-menu.default\">\n\t\t\t\t<div class=\"elementor-widget-container\">\n\t\t\t\t\t\t\t\t<nav aria-label=\"Menu\" class=\"elementor-nav-menu--main elementor-nav-menu__container elementor-nav-menu--layout-horizontal e--pointer-underline e--animation-slide\">\n\t\t\t\t<ul id=\"menu-1-98bdb86\" class=\"elementor-nav-menu\"><li class=\"menu-item menu-item-type-post_type menu-item-object-page menu-item-2247\"><a href=\"https:\/\/preview.makutano.events\/en\/institut\/\" class=\"elementor-item menu-link\">Institut<\/a><\/li>\n<li class=\"menu-item menu-item-type-post_type menu-item-object-page menu-item-has-children menu-item-2206\"><a aria-expanded=\"false\" href=\"https:\/\/preview.makutano.events\/en\/institut\/publications\/\" class=\"elementor-item menu-link\">Publications<span role=\"button\" class=\"dropdown-menu-toggle ast-header-navigation-arrow\" tabindex=\"0\" aria-expanded=\"false\" aria-label=\"Menu Toggle\" aria-haspopup=\"true\"><\/span><\/a>\n<ul class=\"sub-menu elementor-nav-menu--dropdown\">\n\t<li class=\"menu-item menu-item-type-post_type menu-item-object-page menu-item-2310\"><a href=\"https:\/\/preview.makutano.events\/en\/institut\/publications\/actes-de-conference\/\" class=\"elementor-sub-item menu-link\">Actes de conf\u00e9rence<\/a><\/li>\n\t<li class=\"menu-item menu-item-type-post_type menu-item-object-page menu-item-2311\"><a href=\"https:\/\/preview.makutano.events\/en\/institut\/publications\/analyses-makutano\/\" class=\"elementor-sub-item menu-link\">Analyses Makutano<\/a><\/li>\n\t<li class=\"menu-item menu-item-type-post_type menu-item-object-page menu-item-2312\"><a href=\"https:\/\/preview.makutano.events\/en\/institut\/publications\/documents-de-travail\/\" class=\"elementor-sub-item menu-link\">Documents de travail<\/a><\/li>\n\t<li class=\"menu-item menu-item-type-post_type menu-item-object-page menu-item-6071\"><a href=\"https:\/\/preview.makutano.events\/en\/institut\/publications\/raba-arbi\/\" class=\"elementor-sub-item menu-link\">Revue Africaine de la Banque et des Assurances (African Review of Banking and Insurance)<\/a><\/li>\n<\/ul>\n<\/li>\n<li class=\"menu-item menu-item-type-post_type menu-item-object-page menu-item-2207\"><a href=\"https:\/\/preview.makutano.events\/en\/institut\/conferences\/\" class=\"elementor-item menu-link\">Conf\u00e9rences<\/a><\/li>\n<li class=\"menu-item menu-item-type-post_type menu-item-object-page menu-item-2209\"><a href=\"https:\/\/preview.makutano.events\/en\/institut\/statuts\/\" class=\"elementor-item menu-link\">Statuts<\/a><\/li>\n<\/ul>\t\t\t<\/nav>\n\t\t\t\t\t<div class=\"elementor-menu-toggle\" role=\"button\" tabindex=\"0\" aria-label=\"Menu Toggle\" aria-expanded=\"false\">\n\t\t\t<i aria-hidden=\"true\" role=\"presentation\" class=\"elementor-menu-toggle__icon--open eicon-menu-bar\"><\/i><i aria-hidden=\"true\" role=\"presentation\" class=\"elementor-menu-toggle__icon--close eicon-close\"><\/i>\t\t<\/div>\n\t\t\t\t\t<nav class=\"elementor-nav-menu--dropdown elementor-nav-menu__container\" aria-hidden=\"true\">\n\t\t\t\t<ul id=\"menu-2-98bdb86\" class=\"elementor-nav-menu\"><li class=\"menu-item menu-item-type-post_type menu-item-object-page menu-item-2247\"><a href=\"https:\/\/preview.makutano.events\/en\/institut\/\" class=\"elementor-item menu-link\" tabindex=\"-1\">Institut<\/a><\/li>\n<li class=\"menu-item menu-item-type-post_type menu-item-object-page menu-item-has-children menu-item-2206\"><a aria-expanded=\"false\" href=\"https:\/\/preview.makutano.events\/en\/institut\/publications\/\" class=\"elementor-item menu-link\" tabindex=\"-1\">Publications<span role=\"button\" class=\"dropdown-menu-toggle ast-header-navigation-arrow\" tabindex=\"0\" aria-expanded=\"false\" aria-label=\"Menu Toggle\" aria-haspopup=\"true\"><\/span><\/a>\n<ul class=\"sub-menu elementor-nav-menu--dropdown\">\n\t<li class=\"menu-item menu-item-type-post_type menu-item-object-page menu-item-2310\"><a href=\"https:\/\/preview.makutano.events\/en\/institut\/publications\/actes-de-conference\/\" class=\"elementor-sub-item menu-link\" tabindex=\"-1\">Actes de conf\u00e9rence<\/a><\/li>\n\t<li class=\"menu-item menu-item-type-post_type menu-item-object-page menu-item-2311\"><a href=\"https:\/\/preview.makutano.events\/en\/institut\/publications\/analyses-makutano\/\" class=\"elementor-sub-item menu-link\" tabindex=\"-1\">Analyses Makutano<\/a><\/li>\n\t<li class=\"menu-item menu-item-type-post_type menu-item-object-page menu-item-2312\"><a href=\"https:\/\/preview.makutano.events\/en\/institut\/publications\/documents-de-travail\/\" class=\"elementor-sub-item menu-link\" tabindex=\"-1\">Documents de travail<\/a><\/li>\n\t<li class=\"menu-item menu-item-type-post_type menu-item-object-page menu-item-6071\"><a href=\"https:\/\/preview.makutano.events\/en\/institut\/publications\/raba-arbi\/\" class=\"elementor-sub-item menu-link\" tabindex=\"-1\">Revue Africaine de la Banque et des Assurances (African Review of Banking and Insurance)<\/a><\/li>\n<\/ul>\n<\/li>\n<li class=\"menu-item menu-item-type-post_type menu-item-object-page menu-item-2207\"><a href=\"https:\/\/preview.makutano.events\/en\/institut\/conferences\/\" class=\"elementor-item menu-link\" tabindex=\"-1\">Conf\u00e9rences<\/a><\/li>\n<li class=\"menu-item menu-item-type-post_type menu-item-object-page menu-item-2209\"><a href=\"https:\/\/preview.makutano.events\/en\/institut\/statuts\/\" class=\"elementor-item menu-link\" tabindex=\"-1\">Statuts<\/a><\/li>\n<\/ul>\t\t\t<\/nav>\n\t\t\t\t\t\t<\/div>\n\t\t\t\t<\/div>\n\t\t\t\t\t<\/div>\n\t\t<\/div>\n\t\t\t\t\t<\/div>\n\t\t<\/section>\n\t\t\t\t<section class=\"elementor-section elementor-top-section elementor-element elementor-element-5f452200 elementor-section-boxed elementor-section-height-default elementor-section-height-default elementor-invisible\" data-id=\"5f452200\" data-element_type=\"section\" data-e-type=\"section\" data-settings=\"{&quot;background_background&quot;:&quot;classic&quot;,&quot;animation&quot;:&quot;fadeIn&quot;,&quot;background_motion_fx_motion_fx_scrolling&quot;:&quot;yes&quot;,&quot;background_motion_fx_translateX_effect&quot;:&quot;yes&quot;,&quot;background_motion_fx_translateX_speed&quot;:{&quot;unit&quot;:&quot;px&quot;,&quot;size&quot;:7,&quot;sizes&quot;:[]},&quot;background_motion_fx_translateX_affectedRange&quot;:{&quot;unit&quot;:&quot;%&quot;,&quot;size&quot;:&quot;&quot;,&quot;sizes&quot;:{&quot;start&quot;:0,&quot;end&quot;:100}},&quot;background_motion_fx_devices&quot;:[&quot;desktop&quot;,&quot;tablet&quot;,&quot;mobile&quot;]}\">\n\t\t\t\t\t\t<div class=\"elementor-container elementor-column-gap-default\">\n\t\t\t\t\t<div class=\"elementor-column elementor-col-50 elementor-top-column elementor-element elementor-element-49dd3a74\" data-id=\"49dd3a74\" data-element_type=\"column\" data-e-type=\"column\" data-settings=\"{&quot;background_background&quot;:&quot;classic&quot;}\">\n\t\t\t<div class=\"elementor-widget-wrap elementor-element-populated\">\n\t\t\t\t\t\t<div class=\"elementor-element elementor-element-68370e60 elementor-invisible elementor-widget elementor-widget-heading\" data-id=\"68370e60\" data-element_type=\"widget\" data-e-type=\"widget\" data-settings=\"{&quot;_animation&quot;:&quot;fadeInRight&quot;,&quot;_animation_tablet&quot;:&quot;fadeIn&quot;,&quot;_animation_delay&quot;:100}\" data-widget_type=\"heading.default\">\n\t\t\t\t<div class=\"elementor-widget-container\">\n\t\t\t\t\t<h3 class=\"elementor-heading-title elementor-size-default\">Institut<\/h3>\t\t\t\t<\/div>\n\t\t\t\t<\/div>\n\t\t\t\t<div class=\"elementor-element elementor-element-70bd1502 elementor-invisible elementor-widget elementor-widget-heading\" data-id=\"70bd1502\" data-element_type=\"widget\" data-e-type=\"widget\" data-settings=\"{&quot;_animation&quot;:&quot;fadeInLeft&quot;}\" data-widget_type=\"heading.default\">\n\t\t\t\t<div class=\"elementor-widget-container\">\n\t\t\t\t\t<h1 class=\"elementor-heading-title elementor-size-default\">Les conf\u00e9rences de l'institut Makutano.<\/h1>\t\t\t\t<\/div>\n\t\t\t\t<\/div>\n\t\t\t\t\t<\/div>\n\t\t<\/div>\n\t\t\t\t<div class=\"elementor-column elementor-col-50 elementor-top-column elementor-element elementor-element-10374b3c\" data-id=\"10374b3c\" data-element_type=\"column\" data-e-type=\"column\">\n\t\t\t<div class=\"elementor-widget-wrap\">\n\t\t\t\t\t\t\t<\/div>\n\t\t<\/div>\n\t\t\t\t\t<\/div>\n\t\t<\/section>\n\t\t\t\t<section class=\"elementor-section elementor-top-section elementor-element elementor-element-e8d4d41 elementor-section-boxed elementor-section-height-default elementor-section-height-default elementor-invisible\" data-id=\"e8d4d41\" data-element_type=\"section\" data-e-type=\"section\" data-settings=\"{&quot;background_background&quot;:&quot;classic&quot;,&quot;animation&quot;:&quot;fadeIn&quot;}\">\n\t\t\t\t\t\t<div class=\"elementor-container elementor-column-gap-default\">\n\t\t\t\t\t<div class=\"elementor-column elementor-col-100 elementor-top-column elementor-element elementor-element-69274cd8\" data-id=\"69274cd8\" data-element_type=\"column\" data-e-type=\"column\">\n\t\t\t<div class=\"elementor-widget-wrap elementor-element-populated\">\n\t\t\t\t\t\t<div class=\"elementor-element elementor-element-205f17af titre-2-puce elementor-invisible elementor-widget elementor-widget-heading\" data-id=\"205f17af\" data-element_type=\"widget\" data-e-type=\"widget\" data-settings=\"{&quot;_animation&quot;:&quot;fadeInUp&quot;,&quot;_animation_tablet&quot;:&quot;fadeIn&quot;,&quot;_animation_mobile&quot;:&quot;fadeIn&quot;}\" data-widget_type=\"heading.default\">\n\t\t\t\t<div class=\"elementor-widget-container\">\n\t\t\t\t\t<h2 class=\"elementor-heading-title elementor-size-default\">Les conf\u00e9rences de l'institut Makutano.<\/h2>\t\t\t\t<\/div>\n\t\t\t\t<\/div>\n\t\t\t\t<div class=\"elementor-element elementor-element-e274960 elementor-grid-3 elementor-grid-tablet-2 elementor-grid-mobile-1 elementor-posts--thumbnail-top elementor-invisible elementor-widget elementor-widget-posts\" data-id=\"e274960\" data-element_type=\"widget\" data-e-type=\"widget\" data-settings=\"{&quot;classic_row_gap&quot;:{&quot;unit&quot;:&quot;px&quot;,&quot;size&quot;:30,&quot;sizes&quot;:[]},&quot;_animation&quot;:&quot;fadeInUp&quot;,&quot;_animation_tablet&quot;:&quot;fadeIn&quot;,&quot;pagination_type&quot;:&quot;numbers_and_prev_next&quot;,&quot;classic_columns&quot;:&quot;3&quot;,&quot;classic_columns_tablet&quot;:&quot;2&quot;,&quot;classic_columns_mobile&quot;:&quot;1&quot;,&quot;classic_row_gap_tablet&quot;:{&quot;unit&quot;:&quot;px&quot;,&quot;size&quot;:&quot;&quot;,&quot;sizes&quot;:[]},&quot;classic_row_gap_mobile&quot;:{&quot;unit&quot;:&quot;px&quot;,&quot;size&quot;:&quot;&quot;,&quot;sizes&quot;:[]}}\" data-widget_type=\"posts.classic\">\n\t\t\t\t<div class=\"elementor-widget-container\">\n\t\t\t\t\t\t\t<div class=\"elementor-posts-container elementor-posts elementor-posts--skin-classic elementor-grid\" role=\"list\">\n\t\t\t\t<article class=\"elementor-post elementor-grid-item post-2377 post type-post status-publish format-standard has-post-thumbnail hentry category-documents-de-travail tag-protected\" role=\"listitem\">\n\t\t\t\t<a class=\"elementor-post__thumbnail__link\" href=\"https:\/\/preview.makutano.events\/en\/application-de-la-loi-de-la-sous-traitance-en-republique-democratique-du-congo-analyse-de-la-rationalite-economico-juridique\/\" tabindex=\"-1\" >\n\t\t\t<div class=\"elementor-post__thumbnail\"><img fetchpriority=\"high\" decoding=\"async\" width=\"1200\" height=\"675\" src=\"https:\/\/preview.makutano.events\/wp-content\/uploads\/2020\/07\/blog-institut-defaut.jpg\" class=\"attachment-full size-full wp-image-1290\" alt=\"\" srcset=\"https:\/\/preview.makutano.events\/wp-content\/uploads\/2020\/07\/blog-institut-defaut.jpg 1200w, https:\/\/preview.makutano.events\/wp-content\/uploads\/2020\/07\/blog-institut-defaut-600x338.jpg 600w, https:\/\/preview.makutano.events\/wp-content\/uploads\/2020\/07\/blog-institut-defaut-300x169.jpg 300w, https:\/\/preview.makutano.events\/wp-content\/uploads\/2020\/07\/blog-institut-defaut-1024x576.jpg 1024w, https:\/\/preview.makutano.events\/wp-content\/uploads\/2020\/07\/blog-institut-defaut-768x432.jpg 768w, https:\/\/preview.makutano.events\/wp-content\/uploads\/2020\/07\/blog-institut-defaut-610x343.jpg 610w\" sizes=\"(max-width: 1200px) 100vw, 1200px\" \/><\/div>\n\t\t<\/a>\n\t\t\t\t<div class=\"elementor-post__text\">\n\t\t\t\t<h3 class=\"elementor-post__title\">\n\t\t\t<a href=\"https:\/\/preview.makutano.events\/en\/application-de-la-loi-de-la-sous-traitance-en-republique-democratique-du-congo-analyse-de-la-rationalite-economico-juridique\/\" >\n\t\t\t\t\u00ab Application de la loi de la sous-traitance en R\u00e9publique d\u00e9mocratique du Congo : Analyse de la rationalit\u00e9 \u00e9conomico-juridique \u00bb\t\t\t<\/a>\n\t\t<\/h3>\n\t\t\t\t<div class=\"elementor-post__meta-data\">\n\t\t\t\t\t<span class=\"elementor-post-date\">\n\t\t\t20 December 2020\t\t<\/span>\n\t\t\t\t<\/div>\n\t\t\t\t<div class=\"elementor-post__excerpt\">\n\t\t\t<p>Jour : Jeudi, 10 d\u00e9cembre 2020, 13h30 \u2013 14h45 Kinshasa time.Lieu : Restaurant &amp; Terrasse Okapi, Pullman Grand HotelMod\u00e9rateurs :<\/p>\n\t\t<\/div>\n\t\t\n\t\t<a class=\"elementor-post__read-more\" href=\"https:\/\/preview.makutano.events\/en\/application-de-la-loi-de-la-sous-traitance-en-republique-democratique-du-congo-analyse-de-la-rationalite-economico-juridique\/\" aria-label=\"Read more about \u00ab Application de la loi de la sous-traitance en R\u00e9publique d\u00e9mocratique du Congo : Analyse de la rationalit\u00e9 \u00e9conomico-juridique \u00bb\" tabindex=\"-1\" >\n\t\t\tLire la suite\t\t<\/a>\n\n\t\t\t\t<\/div>\n\t\t\t\t<\/article>\n\t\t\t\t<article class=\"elementor-post elementor-grid-item post-1351 post type-post status-publish format-standard has-post-thumbnail hentry category-documents-de-travail category-institute\" role=\"listitem\">\n\t\t\t\t<a class=\"elementor-post__thumbnail__link\" href=\"https:\/\/preview.makutano.events\/en\/a-la-poursuite-de-lindependance-economique-de-la-republique-democratique-du-congo-3\/\" tabindex=\"-1\" >\n\t\t\t<div class=\"elementor-post__thumbnail\"><img fetchpriority=\"high\" decoding=\"async\" width=\"1200\" height=\"675\" src=\"https:\/\/preview.makutano.events\/wp-content\/uploads\/2020\/07\/blog-institut-defaut.jpg\" class=\"attachment-full size-full wp-image-1290\" alt=\"\" srcset=\"https:\/\/preview.makutano.events\/wp-content\/uploads\/2020\/07\/blog-institut-defaut.jpg 1200w, https:\/\/preview.makutano.events\/wp-content\/uploads\/2020\/07\/blog-institut-defaut-600x338.jpg 600w, https:\/\/preview.makutano.events\/wp-content\/uploads\/2020\/07\/blog-institut-defaut-300x169.jpg 300w, https:\/\/preview.makutano.events\/wp-content\/uploads\/2020\/07\/blog-institut-defaut-1024x576.jpg 1024w, https:\/\/preview.makutano.events\/wp-content\/uploads\/2020\/07\/blog-institut-defaut-768x432.jpg 768w, https:\/\/preview.makutano.events\/wp-content\/uploads\/2020\/07\/blog-institut-defaut-610x343.jpg 610w\" sizes=\"(max-width: 1200px) 100vw, 1200px\" \/><\/div>\n\t\t<\/a>\n\t\t\t\t<div class=\"elementor-post__text\">\n\t\t\t\t<h3 class=\"elementor-post__title\">\n\t\t\t<a href=\"https:\/\/preview.makutano.events\/en\/a-la-poursuite-de-lindependance-economique-de-la-republique-democratique-du-congo-3\/\" >\n\t\t\t\tA la poursuite de l\u2019ind\u00e9pendance \u00e9conomique de la R\u00e9publique d\u00e9mocratique du Congo\t\t\t<\/a>\n\t\t<\/h3>\n\t\t\t\t<div class=\"elementor-post__meta-data\">\n\t\t\t\t\t<span class=\"elementor-post-date\">\n\t\t\t28 July 2020\t\t<\/span>\n\t\t\t\t<\/div>\n\t\t\t\t<div class=\"elementor-post__excerpt\">\n\t\t\t<p>Conf\u00e9rence de lancement de l\u2019Institut Makutano Motivation et objet A l\u2019occasion de la comm\u00e9moration de l\u2019ind\u00e9pendance politique de la R\u00e9publique<\/p>\n\t\t<\/div>\n\t\t\n\t\t<a class=\"elementor-post__read-more\" href=\"https:\/\/preview.makutano.events\/en\/a-la-poursuite-de-lindependance-economique-de-la-republique-democratique-du-congo-3\/\" aria-label=\"Read more about A la poursuite de l\u2019ind\u00e9pendance \u00e9conomique de la R\u00e9publique d\u00e9mocratique du Congo\" tabindex=\"-1\" >\n\t\t\tLire la suite\t\t<\/a>\n\n\t\t\t\t<\/div>\n\t\t\t\t<\/article>\n\t\t\t\t<\/div>\n\t\t\n\t\t\t\t\t\t<\/div>\n\t\t\t\t<\/div>\n\t\t\t\t\t<\/div>\n\t\t<\/div>\n\t\t\t\t\t<\/div>\n\t\t<\/section>\n\t\t\t\t<\/div>\n\t\t","protected":false},"excerpt":{"rendered":"<p>Institut Les conf\u00e9rences de l&rsquo;institut Makutano. Les conf\u00e9rences de l&rsquo;institut Makutano.<\/p>","protected":false},"author":3,"featured_media":0,"parent":609,"menu_order":0,"comment_status":"closed","ping_status":"closed","template":"","meta":{"inline_featured_image":false,"site-sidebar-layout":"default","site-content-layout":"","ast-site-content-layout":"default","site-content-style":"default","site-sidebar-style":"default","ast-global-header-display":"","ast-banner-title-visibility":"","ast-main-header-display":"","ast-hfb-above-header-display":"","ast-hfb-below-header-display":"","ast-hfb-mobile-header-display":"","site-post-title":"","ast-breadcrumbs-content":"","ast-featured-img":"","footer-sml-layout":"","ast-disable-related-posts":"","theme-transparent-header-meta":"","adv-header-id-meta":"","stick-header-meta":"","header-above-stick-meta":"","header-main-stick-meta":"","header-below-stick-meta":"","astra-migrate-meta-layouts":"default","ast-page-background-enabled":"default","ast-page-background-meta":{"desktop":{"background-color":"var(--ast-global-color-5)","background-image":"","background-repeat":"repeat","background-position":"center center","background-size":"auto","background-attachment":"scroll","background-type":"","background-media":"","overlay-type":"","overlay-color":"","overlay-opacity":"","overlay-gradient":""},"tablet":{"background-color":"","background-image":"","background-repeat":"repeat","background-position":"center center","background-size":"auto","background-attachment":"scroll","background-type":"","background-media":"","overlay-type":"","overlay-color":"","overlay-opacity":"","overlay-gradient":""},"mobile":{"background-color":"","background-image":"","background-repeat":"repeat","background-position":"center center","background-size":"auto","background-attachment":"scroll","background-type":"","background-media":"","overlay-type":"","overlay-color":"","overlay-opacity":"","overlay-gradient":""}},"ast-content-background-meta":{"desktop":{"background-color":"var(--ast-global-color-4)","background-image":"","background-repeat":"repeat","background-position":"center center","background-size":"auto","background-attachment":"scroll","background-type":"","background-media":"","overlay-type":"","overlay-color":"","overlay-opacity":"","overlay-gradient":""},"tablet":{"background-color":"var(--ast-global-color-4)","background-image":"","background-repeat":"repeat","background-position":"center center","background-size":"auto","background-attachment":"scroll","background-type":"","background-media":"","overlay-type":"","overlay-color":"","overlay-opacity":"","overlay-gradient":""},"mobile":{"background-color":"var(--ast-global-color-4)","background-image":"","background-repeat":"repeat","background-position":"center center","background-size":"auto","background-attachment":"scroll","background-type":"","background-media":"","overlay-type":"","overlay-color":"","overlay-opacity":"","overlay-gradient":""}},"footnotes":""},"class_list":["post-1314","page","type-page","status-publish","hentry"],"_links":{"self":[{"href":"https:\/\/preview.makutano.events\/en\/wp-json\/wp\/v2\/pages\/1314"}],"collection":[{"href":"https:\/\/preview.makutano.events\/en\/wp-json\/wp\/v2\/pages"}],"about":[{"href":"https:\/\/preview.makutano.events\/en\/wp-json\/wp\/v2\/types\/page"}],"author":[{"embeddable":true,"href":"https:\/\/preview.makutano.events\/en\/wp-json\/wp\/v2\/users\/3"}],"replies":[{"embeddable":true,"href":"https:\/\/preview.makutano.events\/en\/wp-json\/wp\/v2\/comments?post=1314"}],"version-history":[{"count":3,"href":"https:\/\/preview.makutano.events\/en\/wp-json\/wp\/v2\/pages\/1314\/revisions"}],"predecessor-version":[{"id":7542,"href":"https:\/\/preview.makutano.events\/en\/wp-json\/wp\/v2\/pages\/1314\/revisions\/7542"}],"up":[{"embeddable":true,"href":"https:\/\/preview.makutano.events\/en\/wp-json\/wp\/v2\/pages\/609"}],"wp:attachment":[{"href":"https:\/\/preview.makutano.events\/en\/wp-json\/wp\/v2\/media?parent=1314"}],"curies":[{"name":"wp","href":"https:\/\/api.w.org\/{rel}","templated":true}]}}